{"id":2744,"date":"2016-10-28T07:11:56","date_gmt":"2016-10-28T07:11:56","guid":{"rendered":"http:\/\/192.168.88.250:8080\/outlet\/shop\/"},"modified":"2016-10-28T07:11:56","modified_gmt":"2016-10-28T07:11:56","slug":"shop","status":"publish","type":"page","link":"https:\/\/proszar.com\/tortilla\/shop\/","title":{"rendered":"Shop"},"content":{"rendered":"<div class=\"wpb-content-wrapper\"><p>[vc_row][vc_column]\r\n  <div class=\"woocommerce seese-products-69e0461e3d82e \">\r\n    <div class=\"seese-shop-wrapper woo-col-3 seese-no-ajax\">\r\n\r\n      \r\n      <div class=\"seese-shop-load-anim\">\r\n        <div class=\"line-scale-pulse-out\">\r\n          <div><\/div>\r\n          <div><\/div>\r\n          <div><\/div>\r\n          <div><\/div>\r\n          <div><\/div>\r\n        <\/div>\r\n      <\/div>\r\n\r\n      <div class=\"seese-products-full-wrap seese-prsc-shop-default\" data-shopurl=\"https:\/\/proszar.com\/tortilla\/\">\r\n        <ul class=\"products \" id=\"products-69e0461e3d82e\" >\r\n\r\n                          <li class=\"post-2360 product type-product status-publish has-post-thumbnail product_cat-maiz-blanco first instock shipping-taxable purchasable product-type-simple\">\r\n              \r\n                <div class=\"seese-product-img\" style=\"background:#ffffff\">\r\n                  <a href=\"https:\/\/proszar.com\/tortilla\/producto\/tortillas-blancas\/\" class=\"woocommerce-LoopProduct-link\"><\/a>\r\n\r\n                  <span class=\"seese-custom-badge\"><\/span><div class=\"seese-loop-thumb \"><img loading=\"lazy\" decoding=\"async\" width=\"1024\" height=\"1024\" data-src=\"https:\/\/proszar.com\/tortilla\/wp-content\/uploads\/2017\/02\/paquete-tortillas-blancas-2.png\" src=\"https:\/\/proszar.com\/tortilla\/wp-content\/themes\/seese\/inc\/plugins\/woocommerce\/images\/lazy-load.jpg\" alt=\"paquete tortillas blancas 2\" class=\"attachment-shop_catalog size-shop_catalog wp-post-image seese-unveil-image\" \/><div class=\"seese-unveil-loader ball-beat\"><div><\/div><\/div><\/div>                <\/div>\r\n\r\n                <div class=\"seese-product-cnt\">\r\n                  <a href=\"https:\/\/proszar.com\/tortilla\/producto\/tortillas-blancas\/\">\r\n                    <span class=\"seese-product-text\">\r\n                      <h3>Tortillas de ma\u00edz cascado blanco<\/h3>\r\n                      <span class=\"price\"><span class=\"woocommerce-Price-amount amount\"><bdi><span class=\"woocommerce-Price-currencySymbol\">&#x20a1;<\/span>800<\/bdi><\/span><\/span>\r\n                    <\/span>\r\n                  <\/a>\r\n                  <div class=\"seese-atc-wrap\">\r\n                    <a href=\"\/tortilla\/wp-json\/wp\/v2\/pages\/2744?add-to-cart=2360\" aria-describedby=\"woocommerce_loop_add_to_cart_link_describedby_2360\" data-quantity=\"1\" class=\"button product_type_simple add_to_cart_button ajax_add_to_cart\" data-product_id=\"2360\" data-product_sku=\"\" aria-label=\"Add to cart: &ldquo;Tortillas de ma\u00edz cascado blanco&rdquo;\" rel=\"nofollow\" data-success_message=\"&ldquo;Tortillas de ma\u00edz cascado blanco&rdquo; has been added to your cart\" role=\"button\">Add To Cart<\/a>\t<span id=\"woocommerce_loop_add_to_cart_link_describedby_2360\" class=\"screen-reader-text\">\n\t\t\t<\/span>\n                  <\/div>\r\n                  <div class=\"seese-posted-in-cats\"><div class=\"seese-single-cat\"><a href=\"https:\/\/proszar.com\/tortilla\/categoria-producto\/maiz-blanco\/\" rel=\"tag\">Ma\u00edz blanco<\/a><\/div><\/div>                <\/div>\r\n\r\n              <\/li>\r\n                            <li class=\"post-2789 product type-product status-publish has-post-thumbnail product_cat-maiz-amarillo  instock shipping-taxable purchasable product-type-simple\">\r\n              \r\n                <div class=\"seese-product-img\" >\r\n                  <a href=\"https:\/\/proszar.com\/tortilla\/producto\/tortillas-amarillas\/\" class=\"woocommerce-LoopProduct-link\"><\/a>\r\n\r\n                  <span class=\"seese-custom-badge\"><\/span><div class=\"seese-loop-thumb seese-loop-thumb-has-hover\"><img loading=\"lazy\" decoding=\"async\" width=\"1024\" height=\"1024\" data-src=\"https:\/\/proszar.com\/tortilla\/wp-content\/uploads\/2025\/12\/paquete-torrtillas-amarillas-1.png\" src=\"https:\/\/proszar.com\/tortilla\/wp-content\/themes\/seese\/inc\/plugins\/woocommerce\/images\/lazy-load.jpg\" alt=\"paquete torrtillas amarillas 1\" class=\"attachment-shop_catalog size-shop_catalog wp-post-image seese-unveil-image\" \/><div class=\"seese-unveil-loader ball-beat\"><div><\/div><\/div><div class=\"seese-hover-image-wrap\"><img loading=\"lazy\" decoding=\"async\" width=\"1536\" height=\"1024\" src=\"https:\/\/proszar.com\/tortilla\/wp-content\/uploads\/2025\/12\/paquete-torrtillas-amarillas-2.png\" alt=\"paquete torrtillas amarillas 2\" class=\"attachment-shop_catalog size-shop_catalog seese-pr-hover-image\" \/><\/div><\/div>                <\/div>\r\n\r\n                <div class=\"seese-product-cnt\">\r\n                  <a href=\"https:\/\/proszar.com\/tortilla\/producto\/tortillas-amarillas\/\">\r\n                    <span class=\"seese-product-text\">\r\n                      <h3>Tortillas de ma\u00edz cascado amarillo<\/h3>\r\n                      <span class=\"price\"><span class=\"woocommerce-Price-amount amount\"><bdi><span class=\"woocommerce-Price-currencySymbol\">&#x20a1;<\/span>800<\/bdi><\/span><\/span>\r\n                    <\/span>\r\n                  <\/a>\r\n                  <div class=\"seese-atc-wrap\">\r\n                    <a href=\"\/tortilla\/wp-json\/wp\/v2\/pages\/2744?add-to-cart=2789\" aria-describedby=\"woocommerce_loop_add_to_cart_link_describedby_2789\" data-quantity=\"1\" class=\"button product_type_simple add_to_cart_button ajax_add_to_cart\" data-product_id=\"2789\" data-product_sku=\"\" aria-label=\"Add to cart: &ldquo;Tortillas de ma\u00edz cascado amarillo&rdquo;\" rel=\"nofollow\" data-success_message=\"&ldquo;Tortillas de ma\u00edz cascado amarillo&rdquo; has been added to your cart\" role=\"button\">Add To Cart<\/a>\t<span id=\"woocommerce_loop_add_to_cart_link_describedby_2789\" class=\"screen-reader-text\">\n\t\t\t<\/span>\n                  <\/div>\r\n                  <div class=\"seese-posted-in-cats\"><div class=\"seese-single-cat\"><a href=\"https:\/\/proszar.com\/tortilla\/categoria-producto\/maiz-amarillo\/\" rel=\"tag\">Ma\u00edz amarillo<\/a><\/div><\/div>                <\/div>\r\n\r\n              <\/li>\r\n                            <li class=\"post-2854 product type-product status-publish has-post-thumbnail product_cat-maiz-amarillo  instock shipping-taxable purchasable product-type-simple\">\r\n              \r\n                <div class=\"seese-product-img\" >\r\n                  <a href=\"https:\/\/proszar.com\/tortilla\/producto\/tortillas-de-queso\/\" class=\"woocommerce-LoopProduct-link\"><\/a>\r\n\r\n                  <span class=\"seese-custom-badge\"><\/span><div class=\"seese-loop-thumb seese-loop-thumb-has-hover\"><img loading=\"lazy\" decoding=\"async\" width=\"1024\" height=\"1024\" data-src=\"https:\/\/proszar.com\/tortilla\/wp-content\/uploads\/2026\/02\/Gemini_Generated_Image_z30sfzz30sfzz30s.png\" src=\"https:\/\/proszar.com\/tortilla\/wp-content\/themes\/seese\/inc\/plugins\/woocommerce\/images\/lazy-load.jpg\" alt=\"Gemini_Generated_Image_z30sfzz30sfzz30s\" class=\"attachment-shop_catalog size-shop_catalog wp-post-image seese-unveil-image\" \/><div class=\"seese-unveil-loader ball-beat\"><div><\/div><\/div><div class=\"seese-hover-image-wrap\"><img loading=\"lazy\" decoding=\"async\" width=\"1024\" height=\"1024\" src=\"https:\/\/proszar.com\/tortilla\/wp-content\/uploads\/2026\/02\/Gemini_Generated_Image_z30sfzz30sfzz30s.png\" alt=\"Gemini_Generated_Image_z30sfzz30sfzz30s\" class=\"attachment-shop_catalog size-shop_catalog seese-pr-hover-image\" \/><\/div><\/div>                <\/div>\r\n\r\n                <div class=\"seese-product-cnt\">\r\n                  <a href=\"https:\/\/proszar.com\/tortilla\/producto\/tortillas-de-queso\/\">\r\n                    <span class=\"seese-product-text\">\r\n                      <h3>Tortillas de Queso<\/h3>\r\n                      <span class=\"price\"><span class=\"woocommerce-Price-amount amount\"><bdi><span class=\"woocommerce-Price-currencySymbol\">&#x20a1;<\/span>1250<\/bdi><\/span><\/span>\r\n                    <\/span>\r\n                  <\/a>\r\n                  <div class=\"seese-atc-wrap\">\r\n                    <a href=\"\/tortilla\/wp-json\/wp\/v2\/pages\/2744?add-to-cart=2854\" aria-describedby=\"woocommerce_loop_add_to_cart_link_describedby_2854\" data-quantity=\"1\" class=\"button product_type_simple add_to_cart_button ajax_add_to_cart\" data-product_id=\"2854\" data-product_sku=\"\" aria-label=\"Add to cart: &ldquo;Tortillas de Queso&rdquo;\" rel=\"nofollow\" data-success_message=\"&ldquo;Tortillas de Queso&rdquo; has been added to your cart\" role=\"button\">Add To Cart<\/a>\t<span id=\"woocommerce_loop_add_to_cart_link_describedby_2854\" class=\"screen-reader-text\">\n\t\t\t<\/span>\n                  <\/div>\r\n                  <div class=\"seese-posted-in-cats\"><div class=\"seese-single-cat\"><a href=\"https:\/\/proszar.com\/tortilla\/categoria-producto\/maiz-amarillo\/\" rel=\"tag\">Ma\u00edz amarillo<\/a><\/div><\/div>                <\/div>\r\n\r\n              <\/li>\r\n                            <li class=\"post-2856 product type-product status-publish has-post-thumbnail product_cat-maiz-amarillo last instock shipping-taxable purchasable product-type-simple\">\r\n              \r\n                <div class=\"seese-product-img\" >\r\n                  <a href=\"https:\/\/proszar.com\/tortilla\/producto\/masa-de-maiz-cascado-amarillo\/\" class=\"woocommerce-LoopProduct-link\"><\/a>\r\n\r\n                  <span class=\"seese-custom-badge\"><\/span><div class=\"seese-loop-thumb \"><img loading=\"lazy\" decoding=\"async\" width=\"1024\" height=\"1024\" data-src=\"https:\/\/proszar.com\/tortilla\/wp-content\/uploads\/2026\/02\/Gemini_Generated_Image_js7w5jjs7w5jjs7w.png\" src=\"https:\/\/proszar.com\/tortilla\/wp-content\/themes\/seese\/inc\/plugins\/woocommerce\/images\/lazy-load.jpg\" alt=\"Gemini_Generated_Image_js7w5jjs7w5jjs7w\" class=\"attachment-shop_catalog size-shop_catalog wp-post-image seese-unveil-image\" \/><div class=\"seese-unveil-loader ball-beat\"><div><\/div><\/div><\/div>                <\/div>\r\n\r\n                <div class=\"seese-product-cnt\">\r\n                  <a href=\"https:\/\/proszar.com\/tortilla\/producto\/masa-de-maiz-cascado-amarillo\/\">\r\n                    <span class=\"seese-product-text\">\r\n                      <h3>Masa de ma\u00edz Cascado Amarillo<\/h3>\r\n                      <span class=\"price\"><span class=\"woocommerce-Price-amount amount\"><bdi><span class=\"woocommerce-Price-currencySymbol\">&#x20a1;<\/span>1700<\/bdi><\/span><\/span>\r\n                    <\/span>\r\n                  <\/a>\r\n                  <div class=\"seese-atc-wrap\">\r\n                    <a href=\"\/tortilla\/wp-json\/wp\/v2\/pages\/2744?add-to-cart=2856\" aria-describedby=\"woocommerce_loop_add_to_cart_link_describedby_2856\" data-quantity=\"1\" class=\"button product_type_simple add_to_cart_button ajax_add_to_cart\" data-product_id=\"2856\" data-product_sku=\"\" aria-label=\"Add to cart: &ldquo;Masa de ma\u00edz Cascado Amarillo&rdquo;\" rel=\"nofollow\" data-success_message=\"&ldquo;Masa de ma\u00edz Cascado Amarillo&rdquo; has been added to your cart\" role=\"button\">Add To Cart<\/a>\t<span id=\"woocommerce_loop_add_to_cart_link_describedby_2856\" class=\"screen-reader-text\">\n\t\t\t<\/span>\n                  <\/div>\r\n                  <div class=\"seese-posted-in-cats\"><div class=\"seese-single-cat\"><a href=\"https:\/\/proszar.com\/tortilla\/categoria-producto\/maiz-amarillo\/\" rel=\"tag\">Ma\u00edz amarillo<\/a><\/div><\/div>                <\/div>\r\n\r\n              <\/li>\r\n                            <li class=\"post-2858 product type-product status-publish has-post-thumbnail product_cat-maiz-blanco first instock shipping-taxable purchasable product-type-simple\">\r\n              \r\n                <div class=\"seese-product-img\" >\r\n                  <a href=\"https:\/\/proszar.com\/tortilla\/producto\/masa-maiz-cascado-blanco\/\" class=\"woocommerce-LoopProduct-link\"><\/a>\r\n\r\n                  <span class=\"seese-custom-badge\"><\/span><div class=\"seese-loop-thumb seese-loop-thumb-has-hover\"><img loading=\"lazy\" decoding=\"async\" width=\"1024\" height=\"1024\" data-src=\"https:\/\/proszar.com\/tortilla\/wp-content\/uploads\/2026\/02\/ChatGPT-Image-8-feb-2026-09_20_40-a.m.png\" src=\"https:\/\/proszar.com\/tortilla\/wp-content\/themes\/seese\/inc\/plugins\/woocommerce\/images\/lazy-load.jpg\" alt=\"ChatGPT Image 8 feb 2026, 09_20_40 a.m.\" class=\"attachment-shop_catalog size-shop_catalog wp-post-image seese-unveil-image\" \/><div class=\"seese-unveil-loader ball-beat\"><div><\/div><\/div><div class=\"seese-hover-image-wrap\"><img loading=\"lazy\" decoding=\"async\" width=\"1024\" height=\"1024\" src=\"https:\/\/proszar.com\/tortilla\/wp-content\/uploads\/2026\/02\/ChatGPT-Image-8-feb-2026-09_20_40-a.m.png\" alt=\"ChatGPT Image 8 feb 2026, 09_20_40 a.m.\" class=\"attachment-shop_catalog size-shop_catalog seese-pr-hover-image\" \/><\/div><\/div>                <\/div>\r\n\r\n                <div class=\"seese-product-cnt\">\r\n                  <a href=\"https:\/\/proszar.com\/tortilla\/producto\/masa-maiz-cascado-blanco\/\">\r\n                    <span class=\"seese-product-text\">\r\n                      <h3>Masa ma\u00edz cascado blanco<\/h3>\r\n                      <span class=\"price\"><span class=\"woocommerce-Price-amount amount\"><bdi><span class=\"woocommerce-Price-currencySymbol\">&#x20a1;<\/span>1700<\/bdi><\/span><\/span>\r\n                    <\/span>\r\n                  <\/a>\r\n                  <div class=\"seese-atc-wrap\">\r\n                    <a href=\"\/tortilla\/wp-json\/wp\/v2\/pages\/2744?add-to-cart=2858\" aria-describedby=\"woocommerce_loop_add_to_cart_link_describedby_2858\" data-quantity=\"1\" class=\"button product_type_simple add_to_cart_button ajax_add_to_cart\" data-product_id=\"2858\" data-product_sku=\"\" aria-label=\"Add to cart: &ldquo;Masa ma\u00edz cascado blanco&rdquo;\" rel=\"nofollow\" data-success_message=\"&ldquo;Masa ma\u00edz cascado blanco&rdquo; has been added to your cart\" role=\"button\">Add To Cart<\/a>\t<span id=\"woocommerce_loop_add_to_cart_link_describedby_2858\" class=\"screen-reader-text\">\n\t\t\t<\/span>\n                  <\/div>\r\n                  <div class=\"seese-posted-in-cats\"><div class=\"seese-single-cat\"><a href=\"https:\/\/proszar.com\/tortilla\/categoria-producto\/maiz-blanco\/\" rel=\"tag\">Ma\u00edz blanco<\/a><\/div><\/div>                <\/div>\r\n\r\n              <\/li>\r\n                    <\/ul>\r\n      <\/div>\r\n\r\n          <\/div>\r\n  <\/div>\r\n\r\n  [\/vc_column][\/vc_row]<\/p>\n<\/div>","protected":false},"excerpt":{"rendered":"<p data-start=\"376\" data-end=\"554\">Disfruta el sabor aut\u00e9ntico del ma\u00edz con nuestra masa blanca fresca, elaborada con ma\u00edz de alta calidad y molido fino para lograr una textura suave, uniforme y f\u00e1cil de trabajar.<\/p>\n<p data-start=\"556\" data-end=\"751\">Perfecta para preparar tortillas caseras, tamales, pupusas, empanadas, arepas o cualquier receta tradicional. Su consistencia h\u00fameda y maleable permite formar y cocinar con excelente rendimiento.<\/p>\n<p data-start=\"753\" data-end=\"822\">Empacada en bolsa sellada para conservar frescura, higiene y calidad.<\/p>\n<p data-start=\"824\" data-end=\"952\">\u2714 Textura suave y manejable\u2714 Sabor tradicional\u2714 Lista para usar\u2714 Ideal para cocina casera o negocio\u2714 Producto fresco<\/p>\n<p data-start=\"954\" data-end=\"1046\">Presentaci\u00f3n: 1 kgConservaci\u00f3n: RefrigerarUso: Cocinar antes de consumir<\/p>\n","protected":false},"author":1,"featured_media":0,"parent":0,"menu_order":0,"comment_status":"closed","ping_status":"closed","template":"","meta":{"footnotes":""},"class_list":["post-2744","page","type-page","status-publish","hentry"],"_links":{"self":[{"href":"https:\/\/proszar.com\/tortilla\/wp-json\/wp\/v2\/pages\/2744","targetHints":{"allow":["GET"]}}],"collection":[{"href":"https:\/\/proszar.com\/tortilla\/wp-json\/wp\/v2\/pages"}],"about":[{"href":"https:\/\/proszar.com\/tortilla\/wp-json\/wp\/v2\/types\/page"}],"author":[{"embeddable":true,"href":"https:\/\/proszar.com\/tortilla\/wp-json\/wp\/v2\/users\/1"}],"replies":[{"embeddable":true,"href":"https:\/\/proszar.com\/tortilla\/wp-json\/wp\/v2\/comments?post=2744"}],"version-history":[{"count":0,"href":"https:\/\/proszar.com\/tortilla\/wp-json\/wp\/v2\/pages\/2744\/revisions"}],"wp:attachment":[{"href":"https:\/\/proszar.com\/tortilla\/wp-json\/wp\/v2\/media?parent=2744"}],"curies":[{"name":"wp","href":"https:\/\/api.w.org\/{rel}","templated":true}]}}