{"id":2748,"date":"2016-10-30T13:15:24","date_gmt":"2016-10-30T13:15:24","guid":{"rendered":"http:\/\/192.168.88.250:8080\/outlet\/?page_id=28"},"modified":"2025-12-29T22:00:05","modified_gmt":"2025-12-30T04:00:05","slug":"contact","status":"publish","type":"page","link":"https:\/\/proszar.com\/tortilla\/contact\/","title":{"rendered":"Contact"},"content":{"rendered":"<div class=\"wpb-content-wrapper\"><p>[vc_row][vc_column][vc_empty_space height=&#8221;94px&#8221;][vc_column_text css=&#8221;&#8221;]<\/p>\n<p style=\"text-align: center; padding-bottom: 13px; padding-top: 2px; letter-spacing: .9px;\"><span style=\"font-size: 15px;\">Si necesitas m\u00e1s informaci\u00f3n o tienes alguna sugerencia, puedes contactarnos por ac\u00e1.<\/span><\/p>\n<p>[\/vc_column_text][\/vc_column][\/vc_row][vc_row][vc_column width=&#8221;2\/3&#8243;]\n<div class=\"wpcf7 no-js\" id=\"wpcf7-f2761-o1\" lang=\"en-US\" dir=\"ltr\" data-wpcf7-id=\"2761\">\n<div class=\"screen-reader-response\"><p role=\"status\" aria-live=\"polite\" aria-atomic=\"true\"><\/p> <ul><\/ul><\/div>\n<form action=\"\/tortilla\/wp-json\/wp\/v2\/pages\/2748#wpcf7-f2761-o1\" method=\"post\" class=\"wpcf7-form init\" aria-label=\"Contact form\" novalidate=\"novalidate\" data-status=\"init\">\n<fieldset class=\"hidden-fields-container\"><input type=\"hidden\" name=\"_wpcf7\" value=\"2761\" \/><input type=\"hidden\" name=\"_wpcf7_version\" value=\"6.1.4\" \/><input type=\"hidden\" name=\"_wpcf7_locale\" value=\"en_US\" \/><input type=\"hidden\" name=\"_wpcf7_unit_tag\" value=\"wpcf7-f2761-o1\" \/><input type=\"hidden\" name=\"_wpcf7_container_post\" value=\"0\" \/><input type=\"hidden\" name=\"_wpcf7_posted_data_hash\" value=\"\" \/>\n<\/fieldset>\n<p><label><span class=\"wpcf7-form-control-wrap\" data-name=\"text-29\"><input size=\"40\" maxlength=\"400\" class=\"wpcf7-form-control wpcf7-text wpcf7-validates-as-required\" aria-required=\"true\" aria-invalid=\"false\" placeholder=\"Nombre\" value=\"\" type=\"text\" name=\"text-29\" \/><\/span><\/label><label><span class=\"wpcf7-form-control-wrap\" data-name=\"email-674\"><input size=\"40\" maxlength=\"400\" class=\"wpcf7-form-control wpcf7-email wpcf7-validates-as-required wpcf7-text wpcf7-validates-as-email\" aria-required=\"true\" aria-invalid=\"false\" placeholder=\"Email\" value=\"\" type=\"email\" name=\"email-674\" \/><\/span><\/label>\n<\/p>\n<p><span class=\"wpcf7-form-control-wrap\" data-name=\"text-425\"><input size=\"40\" maxlength=\"400\" class=\"wpcf7-form-control wpcf7-text\" aria-invalid=\"false\" placeholder=\"Asunto\" value=\"\" type=\"text\" name=\"text-425\" \/><\/span>\n<\/p>\n<p><span class=\"wpcf7-form-control-wrap\" data-name=\"textarea-764\"><textarea cols=\"40\" rows=\"10\" maxlength=\"2000\" class=\"wpcf7-form-control wpcf7-textarea wpcf7-validates-as-required\" aria-required=\"true\" aria-invalid=\"false\" placeholder=\"Deja tu mensaje ...\" name=\"textarea-764\"><\/textarea><\/span>\n<\/p>\n<p><input class=\"wpcf7-form-control wpcf7-submit has-spinner\" type=\"submit\" value=\"Enviar\" \/>\n<\/p><div class=\"wpcf7-response-output\" aria-hidden=\"true\"><\/div>\n<\/form>\n<\/div>\n[\/vc_column][vc_column width=&#8221;1\/3&#8243;][vc_column_text css=&#8221;&#8221;]<\/p>\n<h6><\/h6>\n<h6>CONTACTo<\/h6>\n<p>Email: proszar.website@gmail.com<\/p>\n<p>Tel\u00e9fono: 8695 4899<\/p>\n<p>[\/vc_column_text][\/vc_column][\/vc_row]<\/p>\n<\/div>","protected":false},"excerpt":{"rendered":"<p>[vc_row][vc_column][vc_empty_space height=&#8221;94px&#8221;][vc_column_text css=&#8221;&#8221;]<\/p>\n<p style=\"text-align: center; padding-bottom: 13px; padding-top: 2px; letter-spacing: .9px;\">Si necesitas m\u00e1s informaci\u00f3n o tienes alguna sugerencia, puedes contactarnos por ac\u00e1.<\/p>\n<p>[\/vc_column_text][\/vc_column][\/vc_row][vc_row][vc_column width=&#8221;2\/3&#8243;]<\/p>\n<p role=\"status\" aria-live=\"polite\" aria-atomic=\"true\">\n<\/p>\n<\/p>\n<p>[\/vc_column][vc_column width=&#8221;1\/3&#8243;][vc_column_text css=&#8221;&#8221;]<\/p>\n<p>CONTACTo<\/p>\n<p>Email: proszar.website@gmail.com<\/p>\n<p>Tel\u00e9fono: 8695 4899<\/p>\n<p>[\/vc_column_text][\/vc_column][\/vc_row]<\/p>\n","protected":false},"author":1,"featured_media":0,"parent":0,"menu_order":0,"comment_status":"closed","ping_status":"closed","template":"","meta":{"footnotes":""},"class_list":["post-2748","page","type-page","status-publish","hentry"],"_links":{"self":[{"href":"https:\/\/proszar.com\/tortilla\/wp-json\/wp\/v2\/pages\/2748","targetHints":{"allow":["GET"]}}],"collection":[{"href":"https:\/\/proszar.com\/tortilla\/wp-json\/wp\/v2\/pages"}],"about":[{"href":"https:\/\/proszar.com\/tortilla\/wp-json\/wp\/v2\/types\/page"}],"author":[{"embeddable":true,"href":"https:\/\/proszar.com\/tortilla\/wp-json\/wp\/v2\/users\/1"}],"replies":[{"embeddable":true,"href":"https:\/\/proszar.com\/tortilla\/wp-json\/wp\/v2\/comments?post=2748"}],"version-history":[{"count":2,"href":"https:\/\/proszar.com\/tortilla\/wp-json\/wp\/v2\/pages\/2748\/revisions"}],"predecessor-version":[{"id":2835,"href":"https:\/\/proszar.com\/tortilla\/wp-json\/wp\/v2\/pages\/2748\/revisions\/2835"}],"wp:attachment":[{"href":"https:\/\/proszar.com\/tortilla\/wp-json\/wp\/v2\/media?parent=2748"}],"curies":[{"name":"wp","href":"https:\/\/api.w.org\/{rel}","templated":true}]}}