{"id":2750,"date":"2016-10-30T13:16:04","date_gmt":"2016-10-30T13:16:04","guid":{"rendered":"http:\/\/192.168.88.250:8080\/outlet\/?page_id=33"},"modified":"2026-02-27T21:11:53","modified_gmt":"2026-02-28T03:11:53","slug":"home","status":"publish","type":"page","link":"https:\/\/proszar.com\/tortilla\/home\/","title":{"rendered":"Home"},"content":{"rendered":"<div class=\"wpb-content-wrapper\"><p>[vc_row][vc_column]<div class=\"seese-prslr seese-product-slider-69e02d144540a seese-slick-controls-light seese-prslr-height-adaptive \"><div class=\"seese-prslr-box seese-prslr-box-69e02d1445435\" ><div class=\"seese-prslr-img\"><img decoding=\"async\" src=\"https:\/\/proszar.com\/tortilla\/wp-content\/uploads\/2025\/12\/home-2.png\" class=\"seese-prslr-image\"><\/div><div class=\"seese-prslr-content h_left v_center align_left\" style=\"\"><div class=\"seese-prslr-text\"><div class=\"seese-prslr-intro\"><div class=\"seese-prslr-title seese-animate animated\" data-animate=\"fadeInRight\">Tortillas artesanales<\/div><\/div><\/div><\/div><\/div><\/div>\r\n    <script type=\"text\/javascript\">\r\n\r\n    \tjQuery(window).load(function() {\r\n\r\n    \t\tvar $sliderGrid = jQuery('.seese-product-slider-69e02d144540a');\r\n\r\n    \t\t$sliderGrid.on('init', function(event, slick) {\r\n    \t\t\tjQuery(document).trigger('banner-slider-loaded');\r\n  \t\t    var $slideActive   = $sliderGrid.find('.slick-track .slick-active');\r\n  \t\t    var $bannerContent = $slideActive.find('.seese-animate');\r\n  \t\t    $sliderGrid.find('.seese-prslr-price').css('visibility', 'visible');\r\n\t\t\t\t\tif ($bannerContent.length) {\r\n\t\t\t\t\t\t$bannerContent.css('opacity', '1');\r\n\t\t\t\t\t\t$bannerAnimation = $bannerContent.data('animate');\r\n\t\t\t\t\t\t$bannerContent.addClass($bannerAnimation);\r\n\t\t\t\t\t}\r\n\t\t    });\r\n\r\n    \t\t$sliderGrid.slick({\r\n\t        rows:           1,\r\n\t        slidesPerRow:   1,\r\n\t        slidesToShow:   1,\r\n\t        adaptiveHeight: true,\r\n\t        arrows:         false,\r\n\t        autoplay:       false,\r\n\t        autoplaySpeed:  3000,\r\n\t        dots:           true,\r\n\t        fade:           true,\r\n\t        infinite:       true,\r\n\t        pauseOnHover:   false,\r\n\t        prevArrow:      \"<div class='seese-prslr-nav prslr-prev'><i class='fa fa-angle-left' aria-hidden='true'><\/i><\/div>\",\r\n\t        nextArrow:      \"<div class='seese-prslr-nav prslr-next'><i class='fa fa-angle-right' aria-hidden='true'><\/i><\/div>\",\r\n\t        speed:          300,\r\n        });\r\n\r\n        $sliderGrid.on('beforeChange', function(event, slick, currentSlide, nextSlide) {\r\n        \tvar $currentSlide  = jQuery(slick.$slides[slick.currentSlide]);\r\n        \tvar $bannerContent = $currentSlide.find('.seese-animate');\r\n        \tif ($bannerContent.length) {\r\n        \t\t$bannerContent.css('opacity', '0');\r\n\t\t\t\t\t\t$bannerAnimation = $bannerContent.data('animate');\r\n\t\t\t\t\t\t$bannerContent.removeClass($bannerAnimation);\r\n\t\t\t\t\t}\r\n\t\t\t\t});\r\n\r\n        $sliderGrid.on('afterChange', function(event, slick, currentSlide, nextSlide) {\r\n        \tvar $currentSlide  = jQuery(slick.$slides[slick.currentSlide]);\r\n        \tvar $bannerContent = $currentSlide.find('.seese-animate');\r\n        \tif ($bannerContent.length) {\r\n        \t\t$bannerContent.css('opacity', '1');\r\n\t\t\t\t\t\t$bannerAnimation = $bannerContent.data('animate');\r\n\t\t\t\t\t\t$bannerContent.addClass($bannerAnimation);\r\n\t\t\t\t\t}\r\n        });\r\n\r\n      });\r\n\r\n    <\/script>\r\n\r\n  \r\n  <div class=\"woocommerce seese-products-69e02d1445770 \">\r\n    <div class=\"seese-shop-wrapper woo-col-4 seese-ajax\">\r\n\r\n              <div class=\"seese-filterWrap \">\r\n          <div class=\"seese-filterTabs seese-prsc-filter row\">\r\n                          <div class=\"col-lg-10 col-md-10 col-sm-12 col-xs-12\">\r\n                <ul class=\"seese-filterCategory\">\n<li class=\"seese-cat-item-all active\"><a href=\"javascript:void(0);\" data-procat=\"all\">Show All<\/a><\/li><li class=\"seese-cat-item-129\"><a href=\"javascript:void(0);\" data-procat=\"maiz-amarillo\">Ma\u00edz amarillo<\/a><\/li><li class=\"seese-cat-item-128\"><a href=\"javascript:void(0);\" data-procat=\"maiz-blanco\">Ma\u00edz blanco<\/a><\/li><\/ul>              <\/div>\r\n                          <div class=\"col-lg-2 col-md-2 col-sm-12 col-xs-12 seese-widget-filter\">\r\n                <ul class=\"seese-filterAll\">\r\n                  <li>\r\n                    <a role=\"button\" data-toggle=\"collapse\" href=\".seese-filter-69e02d1445770\" aria-expanded=\"false\" aria-controls=\"seese-filter-69e02d1445770\">\r\n                      <span class=\"seese-filter-text\">Filter<\/span>\r\n                      <span class=\"seese-hide-filter-text\">Hide Filter<\/span>\r\n                    <\/a>\r\n                  <\/li>\r\n                <\/ul>\r\n              <\/div>\r\n                      <\/div>\r\n                <div class=\"seese-filterOptions\">\r\n            <div class=\"collapse seese-filter-69e02d1445770\" id=\"seese-filter\">\r\n              <div class=\"row\">\r\n                <div id=\"seese-product-sort-filter-1\" class=\" seese-widget sidebar-shop-filter-widget seese-product-sort-filter seese-filter-column widget-count-4 col-lg-3 col-md-3 col-sm-6 col-12\"><h3 class=\"widget-title collapsable\"><a role=\"button\" data-toggle=\"collapse\" href=\".seese-filter-sorting-69e02d1446c9d\" aria-expanded=\"false\" aria-controls=\"seese-filter-sorting-69e02d1446c9d\" class=\"seese-collapse\">Sort By<\/a><\/h3><div class=\"collapse in seese-filter-sorting-69e02d1446c9d seese-filter-content\" id=\"seese-filter-sorting\"><ul id=\"seese-product-sorting\" class=\"seese-product-sorting\"><li class=\"active seese-sort-item-all\"><a href=\"javascript:void(0);\" data-sort=\"all\">Show All<\/a><\/li><li><a href=\"javascript:void(0);\" data-sort=\"date\">Newest<\/a><\/li><li><a href=\"javascript:void(0);\" data-sort=\"popularity\">Popularity<\/a><\/li><li><a href=\"javascript:void(0);\" data-sort=\"rating\">Average rating<\/a><\/li><li><a href=\"javascript:void(0);\" data-sort=\"price\">Price: Low to High<\/a><\/li><li><a href=\"javascript:void(0);\" data-sort=\"price-desc\">Price: High to Low<\/a><\/li><\/ul><\/div><\/div> <!-- end widget --><div id=\"seese-product-price-filter-1\" class=\" seese-widget sidebar-shop-filter-widget seese-product-price-filter seese-filter-column widget-count-4 col-lg-3 col-md-3 col-sm-6 col-12\"><h3 class=\"widget-title collapsable\"><a role=\"button\" data-toggle=\"collapse\" href=\".seese-price-filter-69e02d1447593\" aria-expanded=\"false\" aria-controls=\"seese-price-filter-69e02d1447593\" class=\"seese-collapse\">Filter By Price<\/a><\/h3><div class=\"collapse in seese-price-filter-69e02d1447593 seese-filter-content\" id=\"seese-price-filter\"><div class=\"price_slider_wrapper\">\r\n                  <div class=\"price_slider\" style=\"display:none;\"><\/div>\r\n      \t\t\t \t\t\t\t<div class=\"price_slider_amount\">\r\n  \t\t\t    \t\t\t\t<input type=\"text\" id=\"min_price\" name=\"min_price\" value=\"800\" data-min=\"800\" placeholder=\"Min price\" \/>\r\n  \t\t\t    \t\t\t\t<input type=\"text\" id=\"max_price\" name=\"max_price\" value=\"1700\" data-max=\"1700\" placeholder=\"Max price\" \/>\r\n  \t\t\t    \t\t\t\t<button type=\"button\" class=\"button\" id=\"seese-price-filter-submit\">Filter<\/button>\r\n  \t\t\t    \t\t\t\t<div class=\"price_label\" style=\"display:none;\">Range: <span class=\"from\"><\/span> &mdash; <span class=\"to\"><\/span><\/div>\r\n  \t\t\t    \t\t\t\t<div class=\"clear\"><\/div>\r\n      \t\t\t \t\t\t<\/div>\r\n  \t\t       \t\t  <\/div><\/div><\/div> <!-- end widget -->              <\/div>\r\n            <\/div>\r\n          <\/div>\r\n              <\/div>\r\n      \r\n      <div class=\"seese-shop-load-anim\">\r\n        <div class=\"line-scale-pulse-out\">\r\n          <div><\/div>\r\n          <div><\/div>\r\n          <div><\/div>\r\n          <div><\/div>\r\n          <div><\/div>\r\n        <\/div>\r\n      <\/div>\r\n\r\n      <div class=\"seese-products-full-wrap seese-prsc-shop-default\" data-shopurl=\"https:\/\/proszar.com\/tortilla\/\">\r\n        <ul class=\"products \" id=\"products-69e02d1445770\" >\r\n\r\n                          <li class=\"post-2360 product type-product status-publish has-post-thumbnail product_cat-maiz-blanco first instock shipping-taxable purchasable product-type-simple\">\r\n              \r\n                <div class=\"seese-product-img\" style=\"background:#ffffff\">\r\n                  <a href=\"https:\/\/proszar.com\/tortilla\/producto\/tortillas-blancas\/\" class=\"woocommerce-LoopProduct-link\"><\/a>\r\n\r\n                  <span class=\"seese-custom-badge\"><\/span><div class=\"seese-loop-thumb \"><img loading=\"lazy\" decoding=\"async\" width=\"1024\" height=\"1024\" data-src=\"https:\/\/proszar.com\/tortilla\/wp-content\/uploads\/2017\/02\/paquete-tortillas-blancas-2.png\" src=\"https:\/\/proszar.com\/tortilla\/wp-content\/themes\/seese\/inc\/plugins\/woocommerce\/images\/lazy-load.jpg\" alt=\"paquete tortillas blancas 2\" class=\"attachment-shop_catalog size-shop_catalog wp-post-image seese-unveil-image\" \/><div class=\"seese-unveil-loader ball-beat\"><div><\/div><\/div><\/div>                <\/div>\r\n\r\n                <div class=\"seese-product-cnt\">\r\n                  <a href=\"https:\/\/proszar.com\/tortilla\/producto\/tortillas-blancas\/\">\r\n                    <span class=\"seese-product-text\">\r\n                      <h3>Tortillas de ma\u00edz cascado blanco<\/h3>\r\n                      <span class=\"price\"><span class=\"woocommerce-Price-amount amount\"><bdi><span class=\"woocommerce-Price-currencySymbol\">&#x20a1;<\/span>800<\/bdi><\/span><\/span>\r\n                    <\/span>\r\n                  <\/a>\r\n                  <div class=\"seese-atc-wrap\">\r\n                    <a href=\"\/tortilla\/wp-json\/wp\/v2\/pages\/2750?add-to-cart=2360\" aria-describedby=\"woocommerce_loop_add_to_cart_link_describedby_2360\" data-quantity=\"1\" class=\"button product_type_simple add_to_cart_button ajax_add_to_cart\" data-product_id=\"2360\" data-product_sku=\"\" aria-label=\"Add to cart: &ldquo;Tortillas de ma\u00edz cascado blanco&rdquo;\" rel=\"nofollow\" data-success_message=\"&ldquo;Tortillas de ma\u00edz cascado blanco&rdquo; has been added to your cart\" role=\"button\">Add To Cart<\/a>\t<span id=\"woocommerce_loop_add_to_cart_link_describedby_2360\" class=\"screen-reader-text\">\n\t\t\t<\/span>\n                  <\/div>\r\n                  <div class=\"seese-posted-in-cats\"><div class=\"seese-single-cat\"><a href=\"https:\/\/proszar.com\/tortilla\/categoria-producto\/maiz-blanco\/\" rel=\"tag\">Ma\u00edz blanco<\/a><\/div><\/div>                <\/div>\r\n\r\n              <\/li>\r\n                            <li class=\"post-2789 product type-product status-publish has-post-thumbnail product_cat-maiz-amarillo  instock shipping-taxable purchasable product-type-simple\">\r\n              \r\n                <div class=\"seese-product-img\" >\r\n                  <a href=\"https:\/\/proszar.com\/tortilla\/producto\/tortillas-amarillas\/\" class=\"woocommerce-LoopProduct-link\"><\/a>\r\n\r\n                  <span class=\"seese-custom-badge\"><\/span><div class=\"seese-loop-thumb seese-loop-thumb-has-hover\"><img loading=\"lazy\" decoding=\"async\" width=\"1024\" height=\"1024\" data-src=\"https:\/\/proszar.com\/tortilla\/wp-content\/uploads\/2025\/12\/paquete-torrtillas-amarillas-1.png\" src=\"https:\/\/proszar.com\/tortilla\/wp-content\/themes\/seese\/inc\/plugins\/woocommerce\/images\/lazy-load.jpg\" alt=\"paquete torrtillas amarillas 1\" class=\"attachment-shop_catalog size-shop_catalog wp-post-image seese-unveil-image\" \/><div class=\"seese-unveil-loader ball-beat\"><div><\/div><\/div><div class=\"seese-hover-image-wrap\"><img loading=\"lazy\" decoding=\"async\" width=\"1536\" height=\"1024\" src=\"https:\/\/proszar.com\/tortilla\/wp-content\/uploads\/2025\/12\/paquete-torrtillas-amarillas-2.png\" alt=\"paquete torrtillas amarillas 2\" class=\"attachment-shop_catalog size-shop_catalog seese-pr-hover-image\" \/><\/div><\/div>                <\/div>\r\n\r\n                <div class=\"seese-product-cnt\">\r\n                  <a href=\"https:\/\/proszar.com\/tortilla\/producto\/tortillas-amarillas\/\">\r\n                    <span class=\"seese-product-text\">\r\n                      <h3>Tortillas de ma\u00edz cascado amarillo<\/h3>\r\n                      <span class=\"price\"><span class=\"woocommerce-Price-amount amount\"><bdi><span class=\"woocommerce-Price-currencySymbol\">&#x20a1;<\/span>800<\/bdi><\/span><\/span>\r\n                    <\/span>\r\n                  <\/a>\r\n                  <div class=\"seese-atc-wrap\">\r\n                    <a href=\"\/tortilla\/wp-json\/wp\/v2\/pages\/2750?add-to-cart=2789\" aria-describedby=\"woocommerce_loop_add_to_cart_link_describedby_2789\" data-quantity=\"1\" class=\"button product_type_simple add_to_cart_button ajax_add_to_cart\" data-product_id=\"2789\" data-product_sku=\"\" aria-label=\"Add to cart: &ldquo;Tortillas de ma\u00edz cascado amarillo&rdquo;\" rel=\"nofollow\" data-success_message=\"&ldquo;Tortillas de ma\u00edz cascado amarillo&rdquo; has been added to your cart\" role=\"button\">Add To Cart<\/a>\t<span id=\"woocommerce_loop_add_to_cart_link_describedby_2789\" class=\"screen-reader-text\">\n\t\t\t<\/span>\n                  <\/div>\r\n                  <div class=\"seese-posted-in-cats\"><div class=\"seese-single-cat\"><a href=\"https:\/\/proszar.com\/tortilla\/categoria-producto\/maiz-amarillo\/\" rel=\"tag\">Ma\u00edz amarillo<\/a><\/div><\/div>                <\/div>\r\n\r\n              <\/li>\r\n                            <li class=\"post-2854 product type-product status-publish has-post-thumbnail product_cat-maiz-amarillo  instock shipping-taxable purchasable product-type-simple\">\r\n              \r\n                <div class=\"seese-product-img\" >\r\n                  <a href=\"https:\/\/proszar.com\/tortilla\/producto\/tortillas-de-queso\/\" class=\"woocommerce-LoopProduct-link\"><\/a>\r\n\r\n                  <span class=\"seese-custom-badge\"><\/span><div class=\"seese-loop-thumb seese-loop-thumb-has-hover\"><img loading=\"lazy\" decoding=\"async\" width=\"1024\" height=\"1024\" data-src=\"https:\/\/proszar.com\/tortilla\/wp-content\/uploads\/2026\/02\/Gemini_Generated_Image_z30sfzz30sfzz30s.png\" src=\"https:\/\/proszar.com\/tortilla\/wp-content\/themes\/seese\/inc\/plugins\/woocommerce\/images\/lazy-load.jpg\" alt=\"Gemini_Generated_Image_z30sfzz30sfzz30s\" class=\"attachment-shop_catalog size-shop_catalog wp-post-image seese-unveil-image\" \/><div class=\"seese-unveil-loader ball-beat\"><div><\/div><\/div><div class=\"seese-hover-image-wrap\"><img loading=\"lazy\" decoding=\"async\" width=\"1024\" height=\"1024\" src=\"https:\/\/proszar.com\/tortilla\/wp-content\/uploads\/2026\/02\/Gemini_Generated_Image_z30sfzz30sfzz30s.png\" alt=\"Gemini_Generated_Image_z30sfzz30sfzz30s\" class=\"attachment-shop_catalog size-shop_catalog seese-pr-hover-image\" \/><\/div><\/div>                <\/div>\r\n\r\n                <div class=\"seese-product-cnt\">\r\n                  <a href=\"https:\/\/proszar.com\/tortilla\/producto\/tortillas-de-queso\/\">\r\n                    <span class=\"seese-product-text\">\r\n                      <h3>Tortillas de Queso<\/h3>\r\n                      <span class=\"price\"><span class=\"woocommerce-Price-amount amount\"><bdi><span class=\"woocommerce-Price-currencySymbol\">&#x20a1;<\/span>1250<\/bdi><\/span><\/span>\r\n                    <\/span>\r\n                  <\/a>\r\n                  <div class=\"seese-atc-wrap\">\r\n                    <a href=\"\/tortilla\/wp-json\/wp\/v2\/pages\/2750?add-to-cart=2854\" aria-describedby=\"woocommerce_loop_add_to_cart_link_describedby_2854\" data-quantity=\"1\" class=\"button product_type_simple add_to_cart_button ajax_add_to_cart\" data-product_id=\"2854\" data-product_sku=\"\" aria-label=\"Add to cart: &ldquo;Tortillas de Queso&rdquo;\" rel=\"nofollow\" data-success_message=\"&ldquo;Tortillas de Queso&rdquo; has been added to your cart\" role=\"button\">Add To Cart<\/a>\t<span id=\"woocommerce_loop_add_to_cart_link_describedby_2854\" class=\"screen-reader-text\">\n\t\t\t<\/span>\n                  <\/div>\r\n                  <div class=\"seese-posted-in-cats\"><div class=\"seese-single-cat\"><a href=\"https:\/\/proszar.com\/tortilla\/categoria-producto\/maiz-amarillo\/\" rel=\"tag\">Ma\u00edz amarillo<\/a><\/div><\/div>                <\/div>\r\n\r\n              <\/li>\r\n                            <li class=\"post-2856 product type-product status-publish has-post-thumbnail product_cat-maiz-amarillo last instock shipping-taxable purchasable product-type-simple\">\r\n              \r\n                <div class=\"seese-product-img\" >\r\n                  <a href=\"https:\/\/proszar.com\/tortilla\/producto\/masa-de-maiz-cascado-amarillo\/\" class=\"woocommerce-LoopProduct-link\"><\/a>\r\n\r\n                  <span class=\"seese-custom-badge\"><\/span><div class=\"seese-loop-thumb \"><img loading=\"lazy\" decoding=\"async\" width=\"1024\" height=\"1024\" data-src=\"https:\/\/proszar.com\/tortilla\/wp-content\/uploads\/2026\/02\/Gemini_Generated_Image_js7w5jjs7w5jjs7w.png\" src=\"https:\/\/proszar.com\/tortilla\/wp-content\/themes\/seese\/inc\/plugins\/woocommerce\/images\/lazy-load.jpg\" alt=\"Gemini_Generated_Image_js7w5jjs7w5jjs7w\" class=\"attachment-shop_catalog size-shop_catalog wp-post-image seese-unveil-image\" \/><div class=\"seese-unveil-loader ball-beat\"><div><\/div><\/div><\/div>                <\/div>\r\n\r\n                <div class=\"seese-product-cnt\">\r\n                  <a href=\"https:\/\/proszar.com\/tortilla\/producto\/masa-de-maiz-cascado-amarillo\/\">\r\n                    <span class=\"seese-product-text\">\r\n                      <h3>Masa de ma\u00edz Cascado Amarillo<\/h3>\r\n                      <span class=\"price\"><span class=\"woocommerce-Price-amount amount\"><bdi><span class=\"woocommerce-Price-currencySymbol\">&#x20a1;<\/span>1700<\/bdi><\/span><\/span>\r\n                    <\/span>\r\n                  <\/a>\r\n                  <div class=\"seese-atc-wrap\">\r\n                    <a href=\"\/tortilla\/wp-json\/wp\/v2\/pages\/2750?add-to-cart=2856\" aria-describedby=\"woocommerce_loop_add_to_cart_link_describedby_2856\" data-quantity=\"1\" class=\"button product_type_simple add_to_cart_button ajax_add_to_cart\" data-product_id=\"2856\" data-product_sku=\"\" aria-label=\"Add to cart: &ldquo;Masa de ma\u00edz Cascado Amarillo&rdquo;\" rel=\"nofollow\" data-success_message=\"&ldquo;Masa de ma\u00edz Cascado Amarillo&rdquo; has been added to your cart\" role=\"button\">Add To Cart<\/a>\t<span id=\"woocommerce_loop_add_to_cart_link_describedby_2856\" class=\"screen-reader-text\">\n\t\t\t<\/span>\n                  <\/div>\r\n                  <div class=\"seese-posted-in-cats\"><div class=\"seese-single-cat\"><a href=\"https:\/\/proszar.com\/tortilla\/categoria-producto\/maiz-amarillo\/\" rel=\"tag\">Ma\u00edz amarillo<\/a><\/div><\/div>                <\/div>\r\n\r\n              <\/li>\r\n                            <li class=\"post-2858 product type-product status-publish has-post-thumbnail product_cat-maiz-blanco first instock shipping-taxable purchasable product-type-simple\">\r\n              \r\n                <div class=\"seese-product-img\" >\r\n                  <a href=\"https:\/\/proszar.com\/tortilla\/producto\/masa-maiz-cascado-blanco\/\" class=\"woocommerce-LoopProduct-link\"><\/a>\r\n\r\n                  <span class=\"seese-custom-badge\"><\/span><div class=\"seese-loop-thumb seese-loop-thumb-has-hover\"><img loading=\"lazy\" decoding=\"async\" width=\"1024\" height=\"1024\" data-src=\"https:\/\/proszar.com\/tortilla\/wp-content\/uploads\/2026\/02\/ChatGPT-Image-8-feb-2026-09_20_40-a.m.png\" src=\"https:\/\/proszar.com\/tortilla\/wp-content\/themes\/seese\/inc\/plugins\/woocommerce\/images\/lazy-load.jpg\" alt=\"ChatGPT Image 8 feb 2026, 09_20_40 a.m.\" class=\"attachment-shop_catalog size-shop_catalog wp-post-image seese-unveil-image\" \/><div class=\"seese-unveil-loader ball-beat\"><div><\/div><\/div><div class=\"seese-hover-image-wrap\"><img loading=\"lazy\" decoding=\"async\" width=\"1024\" height=\"1024\" src=\"https:\/\/proszar.com\/tortilla\/wp-content\/uploads\/2026\/02\/ChatGPT-Image-8-feb-2026-09_20_40-a.m.png\" alt=\"ChatGPT Image 8 feb 2026, 09_20_40 a.m.\" class=\"attachment-shop_catalog size-shop_catalog seese-pr-hover-image\" \/><\/div><\/div>                <\/div>\r\n\r\n                <div class=\"seese-product-cnt\">\r\n                  <a href=\"https:\/\/proszar.com\/tortilla\/producto\/masa-maiz-cascado-blanco\/\">\r\n                    <span class=\"seese-product-text\">\r\n                      <h3>Masa ma\u00edz cascado blanco<\/h3>\r\n                      <span class=\"price\"><span class=\"woocommerce-Price-amount amount\"><bdi><span class=\"woocommerce-Price-currencySymbol\">&#x20a1;<\/span>1700<\/bdi><\/span><\/span>\r\n                    <\/span>\r\n                  <\/a>\r\n                  <div class=\"seese-atc-wrap\">\r\n                    <a href=\"\/tortilla\/wp-json\/wp\/v2\/pages\/2750?add-to-cart=2858\" aria-describedby=\"woocommerce_loop_add_to_cart_link_describedby_2858\" data-quantity=\"1\" class=\"button product_type_simple add_to_cart_button ajax_add_to_cart\" data-product_id=\"2858\" data-product_sku=\"\" aria-label=\"Add to cart: &ldquo;Masa ma\u00edz cascado blanco&rdquo;\" rel=\"nofollow\" data-success_message=\"&ldquo;Masa ma\u00edz cascado blanco&rdquo; has been added to your cart\" role=\"button\">Add To Cart<\/a>\t<span id=\"woocommerce_loop_add_to_cart_link_describedby_2858\" class=\"screen-reader-text\">\n\t\t\t<\/span>\n                  <\/div>\r\n                  <div class=\"seese-posted-in-cats\"><div class=\"seese-single-cat\"><a href=\"https:\/\/proszar.com\/tortilla\/categoria-producto\/maiz-blanco\/\" rel=\"tag\">Ma\u00edz blanco<\/a><\/div><\/div>                <\/div>\r\n\r\n              <\/li>\r\n                    <\/ul>\r\n      <\/div>\r\n\r\n                <div class=\"seese-load-more-box seese-shop-load-more-box\">\r\n            <div class=\"seese-load-more-link seese-shop-load-more-link\">\r\n                          <\/div>\r\n            <div class=\"seese-load-more-controls seese-shop-load-more-controls seese-btn-mode\">\r\n              <div class=\"line-scale-pulse-out\">\r\n                <div><\/div>\r\n                <div><\/div>\r\n                <div><\/div>\r\n                <div><\/div>\r\n                <div><\/div>\r\n              <\/div>\r\n              <a href=\"javascript:void(0);\" id=\"seese-shop-load-more-btn\" class=\"seese-btn\">Load More<\/a>\r\n              <a href=\"javascript:void(0);\" id=\"seese-loaded\" class=\"seese-btn\">All Loaded<\/a>\r\n            <\/div>\r\n          <\/div>    <\/div>\r\n  <\/div>\r\n\r\n  [\/vc_column][\/vc_row][vc_row][vc_column]<div class=\"seese-img-carousel \"><ul class=\"owl-carousel\" id=\"seese-img-carousel-69e02d144b0f4\"><li><div class=\"\"><img decoding=\"async\" src=\"https:\/\/proszar.com\/tortilla\/wp-content\/uploads\/2026\/02\/food-stock-2f4abf2d-6dd8-45dd-a2e7-70beef6dafba-1.jpg\" alt=\"\"><\/div><\/li><\/ul><\/div>\r\n    <script type=\"text\/javascript\">\r\n      jQuery(document).ready(function($) {\r\n        var $owl = $('#seese-img-carousel-69e02d144b0f4');\r\n        $owl.imagesLoaded(function() {\r\n          $owl.owlCarousel({\r\n            items:         6,\r\n            margin:        10,\r\n            loop:          true,\r\n            nav:           true,\r\n            dots:          false,\r\n            autoplay:      false,\r\n            navSpeed:      500,\r\n            dotsSpeed:     500,\r\n            autoplaySpeed: 500,\r\n            autoHeight:    false,\r\n            navText:       [\"<i class='fa fa-angle-left' aria-hidden='true'><\/i>\", \"<i class='fa fa-angle-right' aria-hidden='true'><\/i>\"],\r\n            responsive:    {\r\n                              0: {\r\n                                  items: 3\r\n                              },\r\n                              400: {\r\n                                  items: 4\r\n                              },\r\n                              600: {\r\n                                  items: 6                              }\r\n                           },\r\n            onInitialized: setOwlStageColor,\r\n            onResized:     setOwlStageColor,\r\n            onTranslated:  setOwlStageColor\r\n          });\r\n        });\r\n        function setOwlStageColor(event) {\r\n          $('#seese-img-carousel-69e02d144b0f4 .owl-stage').css('background', \"\");\r\n        }\r\n      });\r\n    <\/script>\r\n\r\n    [\/vc_column][\/vc_row]<\/p>\n<\/div>","protected":false},"excerpt":{"rendered":"<p data-start=\"376\" data-end=\"554\">Disfruta el sabor aut\u00e9ntico del ma\u00edz con nuestra masa blanca fresca, elaborada con ma\u00edz de alta calidad y molido fino para lograr una textura suave, uniforme y f\u00e1cil de trabajar.<\/p>\n<p data-start=\"556\" data-end=\"751\">Perfecta para preparar tortillas caseras, tamales, pupusas, empanadas, arepas o cualquier receta tradicional. Su consistencia h\u00fameda y maleable permite formar y cocinar con excelente rendimiento.<\/p>\n<p data-start=\"753\" data-end=\"822\">Empacada en bolsa sellada para conservar frescura, higiene y calidad.<\/p>\n<p data-start=\"824\" data-end=\"952\">\u2714 Textura suave y manejable\u2714 Sabor tradicional\u2714 Lista para usar\u2714 Ideal para cocina casera o negocio\u2714 Producto fresco<\/p>\n<p data-start=\"954\" data-end=\"1046\">Presentaci\u00f3n: 1 kgConservaci\u00f3n: RefrigerarUso: Cocinar antes de consumir<\/p>\n","protected":false},"author":1,"featured_media":0,"parent":0,"menu_order":0,"comment_status":"closed","ping_status":"closed","template":"","meta":{"footnotes":""},"class_list":["post-2750","page","type-page","status-publish","hentry"],"_links":{"self":[{"href":"https:\/\/proszar.com\/tortilla\/wp-json\/wp\/v2\/pages\/2750","targetHints":{"allow":["GET"]}}],"collection":[{"href":"https:\/\/proszar.com\/tortilla\/wp-json\/wp\/v2\/pages"}],"about":[{"href":"https:\/\/proszar.com\/tortilla\/wp-json\/wp\/v2\/types\/page"}],"author":[{"embeddable":true,"href":"https:\/\/proszar.com\/tortilla\/wp-json\/wp\/v2\/users\/1"}],"replies":[{"embeddable":true,"href":"https:\/\/proszar.com\/tortilla\/wp-json\/wp\/v2\/comments?post=2750"}],"version-history":[{"count":13,"href":"https:\/\/proszar.com\/tortilla\/wp-json\/wp\/v2\/pages\/2750\/revisions"}],"predecessor-version":[{"id":2875,"href":"https:\/\/proszar.com\/tortilla\/wp-json\/wp\/v2\/pages\/2750\/revisions\/2875"}],"wp:attachment":[{"href":"https:\/\/proszar.com\/tortilla\/wp-json\/wp\/v2\/media?parent=2750"}],"curies":[{"name":"wp","href":"https:\/\/api.w.org\/{rel}","templated":true}]}}