{"id":2854,"date":"2026-02-08T07:12:32","date_gmt":"2026-02-08T13:12:32","guid":{"rendered":"https:\/\/proszar.com\/tortilla\/?post_type=product&#038;p=2854"},"modified":"2026-02-11T10:23:08","modified_gmt":"2026-02-11T16:23:08","slug":"tortillas-de-queso","status":"publish","type":"product","link":"https:\/\/proszar.com\/tortilla\/producto\/tortillas-de-queso\/","title":{"rendered":"Tortillas de Queso"},"content":{"rendered":"<p>Paquete de 10 unidades.<\/p>\n<p>Tortillas elaboradas de forma artesanal, a partir de ma\u00edz y queso seleccionado y proceso tradicional. Suaves, frescas y listas para acompa\u00f1ar el caf\u00e9,<\/p>\n","protected":false},"excerpt":{"rendered":"<p>Paquete de 10 unidades.<\/p>\n<p>Tortillas elaboradas de forma artesanal, a partir de ma\u00edz y queso seleccionado y proceso tradicional. Suaves, frescas y listas para acompa\u00f1ar el caf\u00e9,<\/p>\n","protected":false},"featured_media":2855,"template":"","meta":[],"product_brand":[],"product_cat":[129],"product_tag":[],"class_list":{"0":"post-2854","1":"product","2":"type-product","3":"status-publish","4":"has-post-thumbnail","6":"product_cat-maiz-amarillo","8":"first","9":"instock","10":"shipping-taxable","11":"purchasable","12":"product-type-simple"},"_links":{"self":[{"href":"https:\/\/proszar.com\/tortilla\/wp-json\/wp\/v2\/product\/2854","targetHints":{"allow":["GET"]}}],"collection":[{"href":"https:\/\/proszar.com\/tortilla\/wp-json\/wp\/v2\/product"}],"about":[{"href":"https:\/\/proszar.com\/tortilla\/wp-json\/wp\/v2\/types\/product"}],"wp:featuredmedia":[{"embeddable":true,"href":"https:\/\/proszar.com\/tortilla\/wp-json\/wp\/v2\/media\/2855"}],"wp:attachment":[{"href":"https:\/\/proszar.com\/tortilla\/wp-json\/wp\/v2\/media?parent=2854"}],"wp:term":[{"taxonomy":"product_brand","embeddable":true,"href":"https:\/\/proszar.com\/tortilla\/wp-json\/wp\/v2\/product_brand?post=2854"},{"taxonomy":"product_cat","embeddable":true,"href":"https:\/\/proszar.com\/tortilla\/wp-json\/wp\/v2\/product_cat?post=2854"},{"taxonomy":"product_tag","embeddable":true,"href":"https:\/\/proszar.com\/tortilla\/wp-json\/wp\/v2\/product_tag?post=2854"}],"curies":[{"name":"wp","href":"https:\/\/api.w.org\/{rel}","templated":true}]}}