{"id":2856,"date":"2026-02-08T09:13:00","date_gmt":"2026-02-08T15:13:00","guid":{"rendered":"https:\/\/proszar.com\/tortilla\/?post_type=product&#038;p=2856"},"modified":"2026-02-27T21:50:27","modified_gmt":"2026-02-28T03:50:27","slug":"masa-de-maiz-cascado-amarillo","status":"publish","type":"product","link":"https:\/\/proszar.com\/tortilla\/producto\/masa-de-maiz-cascado-amarillo\/","title":{"rendered":"Masa de ma\u00edz Cascado Amarillo"},"content":{"rendered":"<p data-start=\"49\" data-end=\"338\">Masa fresca lista para usar, elaborada con <strong data-start=\"92\" data-end=\"117\">ma\u00edz cascado amarillo<\/strong> para lograr un sabor tradicional y una textura suave, ideal para tus recetas del d\u00eda a d\u00eda. Perfecta para preparar <strong data-start=\"233\" data-end=\"296\">tortillas, empanadas, arepas y pupusas<\/strong>, con buen rendimiento.<\/p>\n<p data-start=\"340\" data-end=\"432\"><strong data-start=\"340\" data-end=\"359\">Contenido neto:<\/strong> 1 kg<br data-start=\"364\" data-end=\"367\" \/><strong data-start=\"367\" data-end=\"384\">Ingredientes:<\/strong> ma\u00edz cascado amarillo, almid\u00f3n, preservantes.<\/p>\n<p data-start=\"434\" data-end=\"653\" data-is-last-node=\"\" data-is-only-node=\"\"><strong data-start=\"434\" data-end=\"450\">Modo de uso:<\/strong> porcionar, moldear y cocinar en comal\/sart\u00e9n o seg\u00fan la preparaci\u00f3n.<br data-start=\"519\" data-end=\"522\" \/><strong data-start=\"522\" data-end=\"539\">Conservaci\u00f3n:<\/strong> mantener refrigerada. Una vez abierta, cerrar bien y consumir en el menor tiempo posible para conservar frescura.<\/p>\n","protected":false},"excerpt":{"rendered":"<p data-start=\"49\" data-end=\"338\">Masa fresca lista para usar, elaborada con ma\u00edz cascado amarillo para lograr un sabor tradicional y una textura suave, ideal para tus recetas del d\u00eda a d\u00eda. Perfecta para preparar tortillas, empanadas, arepas y pupusas, con buen rendimiento.<\/p>\n<p data-start=\"340\" data-end=\"432\">Contenido neto: 1 kgIngredientes: ma\u00edz cascado amarillo, almid\u00f3n, preservantes.<\/p>\n<p data-start=\"434\" data-end=\"653\" data-is-last-node=\"\" data-is-only-node=\"\">Modo de uso: porcionar, moldear y cocinar en comal\/sart\u00e9n o seg\u00fan la preparaci\u00f3n.Conservaci\u00f3n: mantener refrigerada. Una vez abierta, cerrar bien y consumir en el menor tiempo posible para conservar frescura.<\/p>\n","protected":false},"featured_media":2857,"template":"","meta":[],"product_brand":[],"product_cat":[129],"product_tag":[],"class_list":{"0":"post-2856","1":"product","2":"type-product","3":"status-publish","4":"has-post-thumbnail","6":"product_cat-maiz-amarillo","8":"first","9":"instock","10":"shipping-taxable","11":"purchasable","12":"product-type-simple"},"_links":{"self":[{"href":"https:\/\/proszar.com\/tortilla\/wp-json\/wp\/v2\/product\/2856","targetHints":{"allow":["GET"]}}],"collection":[{"href":"https:\/\/proszar.com\/tortilla\/wp-json\/wp\/v2\/product"}],"about":[{"href":"https:\/\/proszar.com\/tortilla\/wp-json\/wp\/v2\/types\/product"}],"wp:featuredmedia":[{"embeddable":true,"href":"https:\/\/proszar.com\/tortilla\/wp-json\/wp\/v2\/media\/2857"}],"wp:attachment":[{"href":"https:\/\/proszar.com\/tortilla\/wp-json\/wp\/v2\/media?parent=2856"}],"wp:term":[{"taxonomy":"product_brand","embeddable":true,"href":"https:\/\/proszar.com\/tortilla\/wp-json\/wp\/v2\/product_brand?post=2856"},{"taxonomy":"product_cat","embeddable":true,"href":"https:\/\/proszar.com\/tortilla\/wp-json\/wp\/v2\/product_cat?post=2856"},{"taxonomy":"product_tag","embeddable":true,"href":"https:\/\/proszar.com\/tortilla\/wp-json\/wp\/v2\/product_tag?post=2856"}],"curies":[{"name":"wp","href":"https:\/\/api.w.org\/{rel}","templated":true}]}}