{"id":2858,"date":"2026-02-08T09:43:44","date_gmt":"2026-02-08T15:43:44","guid":{"rendered":"https:\/\/proszar.com\/tortilla\/?post_type=product&#038;p=2858"},"modified":"2026-02-27T21:50:14","modified_gmt":"2026-02-28T03:50:14","slug":"masa-maiz-cascado-blanco","status":"publish","type":"product","link":"https:\/\/proszar.com\/tortilla\/producto\/masa-maiz-cascado-blanco\/","title":{"rendered":"Masa ma\u00edz cascado blanco"},"content":{"rendered":"<p data-start=\"376\" data-end=\"554\">Disfruta el sabor aut\u00e9ntico del ma\u00edz con nuestra masa blanca fresca, elaborada con ma\u00edz de alta calidad y molido fino para lograr una textura suave, uniforme y f\u00e1cil de trabajar.<\/p>\n<p data-start=\"556\" data-end=\"751\">Perfecta para preparar tortillas caseras, tamales, pupusas, empanadas, arepas o cualquier receta tradicional. Su consistencia h\u00fameda y maleable permite formar y cocinar con excelente rendimiento.<\/p>\n<p data-start=\"753\" data-end=\"822\">Empacada en bolsa sellada para conservar frescura, higiene y calidad.<\/p>\n<p data-start=\"824\" data-end=\"952\">\u2714 Textura suave y manejable<br data-start=\"851\" data-end=\"854\" \/>\u2714 Sabor tradicional<br data-start=\"873\" data-end=\"876\" \/>\u2714 Lista para usar<br data-start=\"893\" data-end=\"896\" \/>\u2714 Ideal para cocina casera o negocio<br data-start=\"932\" data-end=\"935\" \/>\u2714 Producto fresco<\/p>\n<p data-start=\"954\" data-end=\"1046\"><strong data-start=\"954\" data-end=\"971\">Presentaci\u00f3n:<\/strong> 1 kg<br data-start=\"976\" data-end=\"979\" \/><strong data-start=\"979\" data-end=\"996\">Conservaci\u00f3n:<\/strong> Refrigerar<br data-start=\"1007\" data-end=\"1010\" \/><strong data-start=\"1010\" data-end=\"1018\">Uso:<\/strong> Cocinar antes de consumir<\/p>\n","protected":false},"excerpt":{"rendered":"<p data-start=\"376\" data-end=\"554\">Disfruta el sabor aut\u00e9ntico del ma\u00edz con nuestra masa blanca fresca, elaborada con ma\u00edz de alta calidad y molido fino para lograr una textura suave, uniforme y f\u00e1cil de trabajar.<\/p>\n<p data-start=\"556\" data-end=\"751\">Perfecta para preparar tortillas caseras, tamales, pupusas, empanadas, arepas o cualquier receta tradicional. Su consistencia h\u00fameda y maleable permite formar y cocinar con excelente rendimiento.<\/p>\n<p data-start=\"753\" data-end=\"822\">Empacada en bolsa sellada para conservar frescura, higiene y calidad.<\/p>\n<p data-start=\"824\" data-end=\"952\">\u2714 Textura suave y manejable\u2714 Sabor tradicional\u2714 Lista para usar\u2714 Ideal para cocina casera o negocio\u2714 Producto fresco<\/p>\n<p data-start=\"954\" data-end=\"1046\">Presentaci\u00f3n: 1 kgConservaci\u00f3n: RefrigerarUso: Cocinar antes de consumir<\/p>\n","protected":false},"featured_media":2859,"template":"","meta":[],"product_brand":[],"product_cat":[128],"product_tag":[],"class_list":{"0":"post-2858","1":"product","2":"type-product","3":"status-publish","4":"has-post-thumbnail","6":"product_cat-maiz-blanco","8":"first","9":"instock","10":"shipping-taxable","11":"purchasable","12":"product-type-simple"},"_links":{"self":[{"href":"https:\/\/proszar.com\/tortilla\/wp-json\/wp\/v2\/product\/2858","targetHints":{"allow":["GET"]}}],"collection":[{"href":"https:\/\/proszar.com\/tortilla\/wp-json\/wp\/v2\/product"}],"about":[{"href":"https:\/\/proszar.com\/tortilla\/wp-json\/wp\/v2\/types\/product"}],"wp:featuredmedia":[{"embeddable":true,"href":"https:\/\/proszar.com\/tortilla\/wp-json\/wp\/v2\/media\/2859"}],"wp:attachment":[{"href":"https:\/\/proszar.com\/tortilla\/wp-json\/wp\/v2\/media?parent=2858"}],"wp:term":[{"taxonomy":"product_brand","embeddable":true,"href":"https:\/\/proszar.com\/tortilla\/wp-json\/wp\/v2\/product_brand?post=2858"},{"taxonomy":"product_cat","embeddable":true,"href":"https:\/\/proszar.com\/tortilla\/wp-json\/wp\/v2\/product_cat?post=2858"},{"taxonomy":"product_tag","embeddable":true,"href":"https:\/\/proszar.com\/tortilla\/wp-json\/wp\/v2\/product_tag?post=2858"}],"curies":[{"name":"wp","href":"https:\/\/api.w.org\/{rel}","templated":true}]}}